{"id":22014,"date":"2022-10-04T17:37:51","date_gmt":"2022-10-04T15:37:51","guid":{"rendered":"https:\/\/vista-pro.com\/?page_id=22014"},"modified":"2022-10-04T18:18:49","modified_gmt":"2022-10-04T16:18:49","slug":"psw-vpn-0065","status":"publish","type":"page","link":"https:\/\/www.vista-pro.com\/hr\/psw-vpn-0065\/","title":{"rendered":"Umag | Samostoje\u0107a ku\u0107a sa apartmanima i restoranom"},"content":{"rendered":"","protected":true},"excerpt":{"rendered":"","protected":true},"author":1,"featured_media":0,"parent":0,"menu_order":0,"comment_status":"closed","ping_status":"closed","template":"","meta":{"footnotes":""},"class_list":["post-22014","page","type-page","status-publish","post-password-required","hentry"],"aioseo_notices":[],"a3_pvc":{"activated":false,"total_views":0,"today_views":0},"aioseo_head":"\n\t\t<!-- All in One SEO Pro 4.9.6.2 - aioseo.com -->\n\t<meta name=\"robots\" content=\"max-image-preview:large\" \/>\n\t<meta name=\"google-site-verification\" content=\"4oFqZzmLWcyWIMy4eA-JPvOMpUyQMlWKGExznAh2ivE\" \/>\n\t<meta name=\"msvalidate.01\" content=\"ce086a5b504f44708dc7e1183b682878\" \/>\n\t<meta name=\"yandex-verification\" content=\"6797e2747f288a3d\" \/>\n\t<link rel=\"canonical\" href=\"https:\/\/www.vista-pro.com\/hr\/psw-vpn-0065\/\" \/>\n\t<meta name=\"generator\" content=\"All in One SEO Pro (AIOSEO) 4.9.6.2\" \/>\n\t\t<meta property=\"og:locale\" content=\"hr_HR\" \/>\n\t\t<meta property=\"og:site_name\" content=\"Vista Pro | Real Estate Istria\" \/>\n\t\t<meta property=\"og:type\" content=\"article\" \/>\n\t\t<meta property=\"og:title\" content=\"Za\u0161ti\u0107eno: Umag | A Detached House With Apartments And A Restaurant | Vista Pro | Real Estate Istria\" \/>\n\t\t<meta property=\"og:url\" content=\"https:\/\/www.vista-pro.com\/hr\/psw-vpn-0065\/\" \/>\n\t\t<meta property=\"fb:app_id\" content=\"251215160915905\" \/>\n\t\t<meta property=\"og:image\" content=\"https:\/\/cdn.vista-pro.com\/wp-content\/uploads\/2022\/10\/umag-a-detached-house-with-apartments-and-a-restaurant-14.jpg?strip=all&#038;quality=70&#038;webp=70&#038;avif=70&#038;sharp=1&#038;fit=1170%2C780\" \/>\n\t\t<meta property=\"og:image:secure_url\" content=\"https:\/\/cdn.vista-pro.com\/wp-content\/uploads\/2022\/10\/umag-a-detached-house-with-apartments-and-a-restaurant-14.jpg?strip=all&#038;quality=70&#038;webp=70&#038;avif=70&#038;sharp=1&#038;fit=1170%2C780\" \/>\n\t\t<meta property=\"article:published_time\" content=\"2022-10-04T15:37:51+00:00\" \/>\n\t\t<meta property=\"article:modified_time\" content=\"2022-10-04T16:18:49+00:00\" \/>\n\t\t<meta property=\"article:publisher\" content=\"https:\/\/facebook.com\/vistapronetwork\" \/>\n\t\t<meta name=\"twitter:card\" content=\"summary_large_image\" \/>\n\t\t<meta name=\"twitter:site\" content=\"@vistapronetwork\" \/>\n\t\t<meta name=\"twitter:title\" content=\"Za\u0161ti\u0107eno: Umag | A Detached House With Apartments And A Restaurant | Vista Pro | Real Estate Istria\" \/>\n\t\t<meta name=\"twitter:creator\" content=\"@vistapronetwork\" \/>\n\t\t<meta name=\"twitter:image\" content=\"https:\/\/cdn.vista-pro.com\/wp-content\/uploads\/2022\/10\/umag-a-detached-house-with-apartments-and-a-restaurant-14.jpg?strip=all&amp;quality=70&amp;webp=70&amp;avif=70&amp;sharp=1&amp;fit=1170%2C780\" \/>\n\t\t<meta name=\"twitter:label1\" content=\"Written by\" \/>\n\t\t<meta name=\"twitter:data1\" content=\"Vista Pro\" \/>\n\t\t<meta name=\"twitter:label2\" content=\"Est. reading time\" \/>\n\t\t<meta name=\"twitter:data2\" content=\"1 minute\" \/>\n\t\t<script type=\"application\/ld+json\" class=\"aioseo-schema\">\n\t\t\t{\"@context\":\"https:\\\/\\\/schema.org\",\"@graph\":[{\"@type\":\"BreadcrumbList\",\"@id\":\"https:\\\/\\\/www.vista-pro.com\\\/hr\\\/psw-vpn-0065\\\/#breadcrumblist\",\"itemListElement\":[{\"@type\":\"ListItem\",\"@id\":\"https:\\\/\\\/www.vista-pro.com\\\/hr#listItem\",\"position\":1,\"name\":\"Home\",\"item\":\"https:\\\/\\\/www.vista-pro.com\\\/hr\",\"nextItem\":{\"@type\":\"ListItem\",\"@id\":\"https:\\\/\\\/www.vista-pro.com\\\/hr\\\/psw-vpn-0065\\\/#listItem\",\"name\":\"Za\\u0161ti\\u0107eno: Umag | A Detached House With Apartments And A Restaurant\"}},{\"@type\":\"ListItem\",\"@id\":\"https:\\\/\\\/www.vista-pro.com\\\/hr\\\/psw-vpn-0065\\\/#listItem\",\"position\":2,\"name\":\"Za\\u0161ti\\u0107eno: Umag | A Detached House With Apartments And A Restaurant\",\"previousItem\":{\"@type\":\"ListItem\",\"@id\":\"https:\\\/\\\/www.vista-pro.com\\\/hr#listItem\",\"name\":\"Home\"}}]},{\"@type\":\"Organization\",\"@id\":\"https:\\\/\\\/www.vista-pro.com\\\/hr\\\/#organization\",\"name\":\"Vista Pro Network | Real Estate | Istria | Umag Buje Novigrad Porec Rovinj\",\"description\":\"Vista Pro Network | Real Estate | Istria | Umag Buje Novigrad Porec Rovinj\",\"url\":\"https:\\\/\\\/www.vista-pro.com\\\/hr\\\/\",\"email\":\"info@vista-pro.com\",\"telephone\":\"+385915127282\",\"logo\":{\"@type\":\"ImageObject\",\"url\":\"https:\\\/\\\/vista-pro.com\\\/wp-content\\\/uploads\\\/2022\\\/05\\\/logo-b.png\",\"@id\":\"https:\\\/\\\/www.vista-pro.com\\\/hr\\\/psw-vpn-0065\\\/#organizationLogo\"},\"image\":{\"@id\":\"https:\\\/\\\/www.vista-pro.com\\\/hr\\\/psw-vpn-0065\\\/#organizationLogo\"},\"sameAs\":[\"https:\\\/\\\/facebook.com\\\/vistapronetwork\",\"https:\\\/\\\/x.com\\\/vistapronetwork\",\"https:\\\/\\\/instagram.com\\\/vistapronetwork\",\"https:\\\/\\\/pinterest.com\\\/vistapronetwork\",\"https:\\\/\\\/youtube.com\\\/@vistapronetwork\",\"https:\\\/\\\/linkedin.com\\\/in\\\/vistapronetwork\"],\"address\":{\"@id\":\"https:\\\/\\\/www.vista-pro.com\\\/hr\\\/#postaladdress\",\"@type\":\"PostalAddress\",\"streetAddress\":\"Vladimir Nazor 5,\",\"postalCode\":\"52470\",\"addressLocality\":\"Umag\",\"addressRegion\":\"Istria\",\"addressCountry\":\"HR\"},\"vatID\":\"HR30117654631\"},{\"@type\":\"RealEstateListing\",\"@id\":\"https:\\\/\\\/www.vista-pro.com\\\/hr\\\/psw-vpn-0065\\\/#realestatelisting\",\"url\":\"https:\\\/\\\/www.vista-pro.com\\\/hr\\\/psw-vpn-0065\\\/\",\"name\":\"Za\\u0161ti\\u0107eno: Umag | A Detached House With Apartments And A Restaurant | Vista Pro | Real Estate Istria\",\"inLanguage\":\"hr\",\"isPartOf\":{\"@id\":\"https:\\\/\\\/www.vista-pro.com\\\/hr\\\/#website\"},\"breadcrumb\":{\"@id\":\"https:\\\/\\\/www.vista-pro.com\\\/hr\\\/psw-vpn-0065\\\/#breadcrumblist\"},\"datePublished\":\"2022-10-04T17:37:51+02:00\",\"dateModified\":\"2022-10-04T18:18:49+02:00\",\"datePosted\":\"2022-10-04T17:37:51+02:00\"},{\"@type\":\"WebPage\",\"@id\":\"https:\\\/\\\/www.vista-pro.com\\\/hr\\\/psw-vpn-0065\\\/#webpage\",\"url\":\"https:\\\/\\\/www.vista-pro.com\\\/hr\\\/psw-vpn-0065\\\/\",\"name\":\"Za\\u0161ti\\u0107eno: Umag | A Detached House With Apartments And A Restaurant | Vista Pro | Real Estate Istria\",\"inLanguage\":\"hr\",\"isPartOf\":{\"@id\":\"https:\\\/\\\/www.vista-pro.com\\\/hr\\\/#website\"},\"breadcrumb\":{\"@id\":\"https:\\\/\\\/www.vista-pro.com\\\/hr\\\/psw-vpn-0065\\\/#breadcrumblist\"},\"datePublished\":\"2022-10-04T17:37:51+02:00\",\"dateModified\":\"2022-10-04T18:18:49+02:00\"},{\"@type\":\"WebSite\",\"@id\":\"https:\\\/\\\/www.vista-pro.com\\\/hr\\\/#website\",\"url\":\"https:\\\/\\\/www.vista-pro.com\\\/hr\\\/\",\"name\":\"Vista Pro | Real Estate Istria\",\"alternateName\":\"Vista Pro Network | Real Estate\",\"description\":\"Vista Pro Network | Real Estate | Istria | Umag Buje Novigrad Porec Rovinj\",\"inLanguage\":\"hr\",\"publisher\":{\"@id\":\"https:\\\/\\\/www.vista-pro.com\\\/hr\\\/#organization\"}}]}\n\t\t<\/script>\n\t\t<!-- All in One SEO Pro -->\r\n\t\t<title>Za\u0161ti\u0107eno: Umag | A Detached House With Apartments And A Restaurant | Vista Pro | Real Estate Istria<\/title>\n\n","aioseo_head_json":{"title":"Za\u0161ti\u0107eno: Umag | Samostoje\u0107a ku\u0107a sa apartmanima i restoranom | Vista Pro | Nekretnine Istra","description":"","canonical_url":"https:\/\/www.vista-pro.com\/hr\/psw-vpn-0065\/","robots":"max-image-preview:large","keywords":"","webmasterTools":{"google-site-verification":"4oFqZzmLWcyWIMy4eA-JPvOMpUyQMlWKGExznAh2ivE","msvalidate.01":"ce086a5b504f44708dc7e1183b682878","yandex-verification":"6797e2747f288a3d","miscellaneous":""},"schema":{"@context":"https:\/\/schema.org","@graph":[{"@type":"BreadcrumbList","@id":"https:\/\/www.vista-pro.com\/hr\/psw-vpn-0065\/#breadcrumblist","itemListElement":[{"@type":"ListItem","@id":"https:\/\/www.vista-pro.com\/hr#listItem","position":1,"name":"Home","item":"https:\/\/www.vista-pro.com\/hr","nextItem":{"@type":"ListItem","@id":"https:\/\/www.vista-pro.com\/hr\/psw-vpn-0065\/#listItem","name":"Za\u0161ti\u0107eno: Umag | A Detached House With Apartments And A Restaurant"}},{"@type":"ListItem","@id":"https:\/\/www.vista-pro.com\/hr\/psw-vpn-0065\/#listItem","position":2,"name":"Za\u0161ti\u0107eno: Umag | A Detached House With Apartments And A Restaurant","previousItem":{"@type":"ListItem","@id":"https:\/\/www.vista-pro.com\/hr#listItem","name":"Home"}}]},{"@type":"Organization","@id":"https:\/\/www.vista-pro.com\/hr\/#organization","name":"Vista Pro Network | Real Estate | Istria | Umag Buje Novigrad Porec Rovinj","description":"Vista Pro Network | Real Estate | Istria | Umag Buje Novigrad Porec Rovinj","url":"https:\/\/www.vista-pro.com\/hr\/","email":"info@vista-pro.com","telephone":"+385915127282","logo":{"@type":"ImageObject","url":"https:\/\/vista-pro.com\/wp-content\/uploads\/2022\/05\/logo-b.png","@id":"https:\/\/www.vista-pro.com\/hr\/psw-vpn-0065\/#organizationLogo"},"image":{"@id":"https:\/\/www.vista-pro.com\/hr\/psw-vpn-0065\/#organizationLogo"},"sameAs":["https:\/\/facebook.com\/vistapronetwork","https:\/\/x.com\/vistapronetwork","https:\/\/instagram.com\/vistapronetwork","https:\/\/pinterest.com\/vistapronetwork","https:\/\/youtube.com\/@vistapronetwork","https:\/\/linkedin.com\/in\/vistapronetwork"],"address":{"@id":"https:\/\/www.vista-pro.com\/hr\/#postaladdress","@type":"PostalAddress","streetAddress":"Vladimir Nazor 5,","postalCode":"52470","addressLocality":"Umag","addressRegion":"Istria","addressCountry":"HR"},"vatID":"HR30117654631"},{"@type":"RealEstateListing","@id":"https:\/\/www.vista-pro.com\/hr\/psw-vpn-0065\/#realestatelisting","url":"https:\/\/www.vista-pro.com\/hr\/psw-vpn-0065\/","name":"Za\u0161ti\u0107eno: Umag | A Detached House With Apartments And A Restaurant | Vista Pro | Real Estate Istria","inLanguage":"hr","isPartOf":{"@id":"https:\/\/www.vista-pro.com\/hr\/#website"},"breadcrumb":{"@id":"https:\/\/www.vista-pro.com\/hr\/psw-vpn-0065\/#breadcrumblist"},"datePublished":"2022-10-04T17:37:51+02:00","dateModified":"2022-10-04T18:18:49+02:00","datePosted":"2022-10-04T17:37:51+02:00"},{"@type":"WebPage","@id":"https:\/\/www.vista-pro.com\/hr\/psw-vpn-0065\/#webpage","url":"https:\/\/www.vista-pro.com\/hr\/psw-vpn-0065\/","name":"Za\u0161ti\u0107eno: Umag | A Detached House With Apartments And A Restaurant | Vista Pro | Real Estate Istria","inLanguage":"hr","isPartOf":{"@id":"https:\/\/www.vista-pro.com\/hr\/#website"},"breadcrumb":{"@id":"https:\/\/www.vista-pro.com\/hr\/psw-vpn-0065\/#breadcrumblist"},"datePublished":"2022-10-04T17:37:51+02:00","dateModified":"2022-10-04T18:18:49+02:00"},{"@type":"WebSite","@id":"https:\/\/www.vista-pro.com\/hr\/#website","url":"https:\/\/www.vista-pro.com\/hr\/","name":"Vista Pro | Real Estate Istria","alternateName":"Vista Pro Network | Real Estate","description":"Vista Pro Network | Real Estate | Istria | Umag Buje Novigrad Porec Rovinj","inLanguage":"hr","publisher":{"@id":"https:\/\/www.vista-pro.com\/hr\/#organization"}}]},"og:locale":"hr_HR","og:site_name":"Vista Pro | Real Estate Istria","og:type":"article","og:title":"Za\u0161ti\u0107eno: Umag | A Detached House With Apartments And A Restaurant | Vista Pro | Real Estate Istria","og:url":"https:\/\/www.vista-pro.com\/hr\/psw-vpn-0065\/","fb:app_id":"251215160915905","og:image":"https:\/\/cdn.vista-pro.com\/wp-content\/uploads\/2022\/10\/umag-a-detached-house-with-apartments-and-a-restaurant-14.jpg?strip=all&#038;quality=70&#038;webp=70&#038;avif=70&#038;sharp=1&#038;fit=1170%2C780","og:image:secure_url":"https:\/\/cdn.vista-pro.com\/wp-content\/uploads\/2022\/10\/umag-a-detached-house-with-apartments-and-a-restaurant-14.jpg?strip=all&#038;quality=70&#038;webp=70&#038;avif=70&#038;sharp=1&#038;fit=1170%2C780","article:published_time":"2022-10-04T15:37:51+00:00","article:modified_time":"2022-10-04T16:18:49+00:00","article:publisher":"https:\/\/facebook.com\/vistapronetwork","twitter:card":"summary_large_image","twitter:site":"@vistapronetwork","twitter:title":"Za\u0161ti\u0107eno: Umag | A Detached House With Apartments And A Restaurant | Vista Pro | Real Estate Istria","twitter:creator":"@vistapronetwork","twitter:image":"https:\/\/cdn.vista-pro.com\/wp-content\/uploads\/2022\/10\/umag-a-detached-house-with-apartments-and-a-restaurant-14.jpg?strip=all&amp;quality=70&amp;webp=70&amp;avif=70&amp;sharp=1&amp;fit=1170%2C780","twitter:label1":"Written by","twitter:data1":"Vista Pro","twitter:label2":"Est. reading time","twitter:data2":"1 minute"},"aioseo_meta_data":{"post_id":"22014","title":null,"description":null,"keywords":null,"keyphrases":null,"primary_term":null,"canonical_url":null,"og_title":null,"og_description":null,"og_object_type":"default","og_image_type":"content","og_image_url":null,"og_image_width":null,"og_image_height":null,"og_image_custom_url":null,"og_image_custom_fields":null,"og_video":null,"og_custom_url":null,"og_article_section":null,"og_article_tags":null,"twitter_use_og":true,"twitter_card":"default","twitter_image_type":"default","twitter_image_url":null,"twitter_image_custom_url":null,"twitter_image_custom_fields":null,"twitter_title":null,"twitter_description":null,"schema":{"blockGraphs":[],"customGraphs":[],"default":{"data":{"Article":[],"Course":[],"Dataset":[],"FAQPage":[],"Movie":[],"Person":[],"Product":[],"ProductReview":[],"Car":[],"Recipe":[],"Service":[],"SoftwareApplication":[],"WebPage":[]},"graphName":"","isEnabled":true},"graphs":[]},"schema_type":"default","schema_type_options":null,"pillar_content":false,"robots_default":true,"robots_noindex":false,"robots_noarchive":false,"robots_nosnippet":false,"robots_nofollow":false,"robots_noimageindex":false,"robots_noodp":false,"robots_notranslate":false,"robots_max_snippet":null,"robots_max_videopreview":null,"robots_max_imagepreview":"large","priority":null,"frequency":null,"local_seo":null,"seo_analyzer_scan_date":"2025-12-19 17:02:48","breadcrumb_settings":null,"limit_modified_date":false,"open_ai":null,"ai":null,"created":"2022-11-23 22:04:26","updated":"2025-12-19 17:02:48"},"aioseo_breadcrumb":"<div class=\"aioseo-breadcrumbs\"><span class=\"aioseo-breadcrumb\">\n\t<a href=\"https:\/\/www.vista-pro.com\/hr\" title=\"Home\">Home<\/a>\n<\/span><span class=\"aioseo-breadcrumb-separator\">|<\/span><span class=\"aioseo-breadcrumb\">\n\tZa\u0161ti\u0107eno: Umag | A Detached House With Apartments And A Restaurant\n<\/span><\/div>","aioseo_breadcrumb_json":[{"label":"Home","link":"https:\/\/www.vista-pro.com\/hr"},{"label":"Za\u0161ti\u0107eno: Umag | A Detached House With Apartments And A Restaurant","link":"https:\/\/www.vista-pro.com\/hr\/psw-vpn-0065\/"}],"_links":{"self":[{"href":"https:\/\/www.vista-pro.com\/hr\/wp-json\/wp\/v2\/pages\/22014","targetHints":{"allow":["GET"]}}],"collection":[{"href":"https:\/\/www.vista-pro.com\/hr\/wp-json\/wp\/v2\/pages"}],"about":[{"href":"https:\/\/www.vista-pro.com\/hr\/wp-json\/wp\/v2\/types\/page"}],"author":[{"embeddable":true,"href":"https:\/\/www.vista-pro.com\/hr\/wp-json\/wp\/v2\/users\/1"}],"replies":[{"embeddable":true,"href":"https:\/\/www.vista-pro.com\/hr\/wp-json\/wp\/v2\/comments?post=22014"}],"version-history":[{"count":0,"href":"https:\/\/www.vista-pro.com\/hr\/wp-json\/wp\/v2\/pages\/22014\/revisions"}],"wp:attachment":[{"href":"https:\/\/www.vista-pro.com\/hr\/wp-json\/wp\/v2\/media?parent=22014"}],"curies":[{"name":"radni list","href":"https:\/\/api.w.org\/{rel}","templated":true}]}}